{"id":41,"date":"2015-10-11T19:28:19","date_gmt":"2015-10-11T19:28:19","guid":{"rendered":"http:\/\/oubs.ayy.fi\/?page_id=41"},"modified":"2026-03-12T22:24:00","modified_gmt":"2026-03-12T20:24:00","slug":"yhdistys","status":"publish","type":"page","link":"https:\/\/www.oubs.fi\/en\/yhdistys\/","title":{"rendered":"Association"},"content":{"rendered":"<p><\/p>\n<h3>Contact:<\/h3>\n<p>Hallitus: <strong>hallitus [\u00e4t] oubs.fi<\/strong><\/p>\n<p>Toimitus ja keikkapyynn\u00f6t: <strong>toimitus [\u00e4t] oubs.fi<\/strong><\/p>\n<p>Rentals: <strong>vuokraus [\u00e4t] oubs.fi<\/strong><\/p>\n<h4>Subscribe OUBS&#8217;s mailing list!<\/h4>\n<p>Email:<\/p>\n<p><strong>Billing Information<\/strong><\/p>\n<p>OUBS ry (Association registration number: 211.391)<br \/>\nJ\u00e4mer\u00e4ntaival 11 F 130<br \/>\n02150 Espoo<\/p>\n<h4><strong>Board of 2015-2016<\/strong><\/h4>\n<table style=\"width: 100%;\">\n<tbody>\n<tr>\n<td>Chairman<\/td>\n<td>Aaro Rasilainen<\/td>\n<td>hallitus [at] oubs.fi<\/td>\n<td><\/td>\n<\/tr>\n<tr>\n<td>Secretary<\/td>\n<td>Max J\u00e4\u00e4skel\u00e4inen<\/td>\n<td>hallitus [at] oubs.fi<\/td>\n<\/tr>\n<tr>\n<td>Treasurer<\/td>\n<td>Kaappo Raivio<\/td>\n<td>hallitus [at] oubs.fi<\/td>\n<td><\/td>\n<\/tr>\n<tr>\n<td>Rental supervisor<\/td>\n<td>Alexey Kirov<\/td>\n<td>hallitus [at] oubs.fi<\/td>\n<\/tr>\n<tr>\n<td>Board Member<\/td>\n<td>Tim Kr\u00f6ckel<\/td>\n<td>hallitus [at] oubs.fi<\/td>\n<\/tr>\n<\/tbody>\n<\/table>\n<p><\/p>","protected":false},"excerpt":{"rendered":"<p>Contact: Hallitus: hallitus [\u00e4t] oubs.fi Toimitus ja keikkapyynn\u00f6t: toimitus [\u00e4t] oubs.fi Rentals: vuokraus [\u00e4t] oubs.fi Subscribe OUBS&#8217;s mailing list! Email:&hellip;<\/p>\n","protected":false},"author":2,"featured_media":0,"parent":0,"menu_order":0,"comment_status":"closed","ping_status":"closed","template":"","meta":{"jetpack_post_was_ever_published":false,"footnotes":""},"class_list":["post-41","page","type-page","status-publish","hentry"],"yoast_head":"<!-- This site is optimized with the Yoast SEO plugin v27.4 - https:\/\/yoast.com\/product\/yoast-seo-wordpress\/ -->\n<title>Association - OUBS<\/title>\n<meta name=\"robots\" content=\"index, follow, max-snippet:-1, max-image-preview:large, max-video-preview:-1\" \/>\n<link rel=\"canonical\" href=\"https:\/\/www.oubs.fi\/yhdistys\/\" \/>\n<meta property=\"og:locale\" content=\"en_US\" \/>\n<meta property=\"og:type\" content=\"article\" \/>\n<meta property=\"og:title\" content=\"Association - OUBS\" \/>\n<meta property=\"og:description\" content=\"Contact: Hallitus: hallitus [\u00e4t] oubs.fi Toimitus ja keikkapyynn\u00f6t: toimitus [\u00e4t] oubs.fi Rentals: vuokraus [\u00e4t] oubs.fi Subscribe OUBS&#8217;s mailing list! Email:&hellip;\" \/>\n<meta property=\"og:url\" content=\"https:\/\/www.oubs.fi\/yhdistys\/\" \/>\n<meta property=\"og:site_name\" content=\"OUBS\" \/>\n<meta property=\"article:modified_time\" content=\"2026-03-12T20:24:00+00:00\" \/>\n<meta name=\"twitter:card\" content=\"summary_large_image\" \/>\n<meta name=\"twitter:label1\" content=\"Est. reading time\" \/>\n\t<meta name=\"twitter:data1\" content=\"4 minutes\" \/>\n<script type=\"application\/ld+json\" class=\"yoast-schema-graph\">{\"@context\":\"https:\\\/\\\/schema.org\",\"@graph\":[{\"@type\":\"WebPage\",\"@id\":\"https:\\\/\\\/www.oubs.fi\\\/yhdistys\\\/\",\"url\":\"https:\\\/\\\/www.oubs.fi\\\/yhdistys\\\/\",\"name\":\"Association - OUBS\",\"isPartOf\":{\"@id\":\"https:\\\/\\\/www.oubs.fi\\\/en\\\/#website\"},\"datePublished\":\"2015-10-11T19:28:19+00:00\",\"dateModified\":\"2026-03-12T20:24:00+00:00\",\"breadcrumb\":{\"@id\":\"https:\\\/\\\/www.oubs.fi\\\/yhdistys\\\/#breadcrumb\"},\"inLanguage\":\"en-US\",\"potentialAction\":[{\"@type\":\"ReadAction\",\"target\":[\"https:\\\/\\\/www.oubs.fi\\\/yhdistys\\\/\"]}]},{\"@type\":\"BreadcrumbList\",\"@id\":\"https:\\\/\\\/www.oubs.fi\\\/yhdistys\\\/#breadcrumb\",\"itemListElement\":[{\"@type\":\"ListItem\",\"position\":1,\"name\":\"Home\",\"item\":\"https:\\\/\\\/www.oubs.fi\\\/en\\\/\"},{\"@type\":\"ListItem\",\"position\":2,\"name\":\"Yhdistys\"}]},{\"@type\":\"WebSite\",\"@id\":\"https:\\\/\\\/www.oubs.fi\\\/en\\\/#website\",\"url\":\"https:\\\/\\\/www.oubs.fi\\\/en\\\/\",\"name\":\"OUBS\",\"description\":\"Otaniemen oma televisio\",\"publisher\":{\"@id\":\"https:\\\/\\\/www.oubs.fi\\\/en\\\/#organization\"},\"potentialAction\":[{\"@type\":\"SearchAction\",\"target\":{\"@type\":\"EntryPoint\",\"urlTemplate\":\"https:\\\/\\\/www.oubs.fi\\\/en\\\/?s={search_term_string}\"},\"query-input\":{\"@type\":\"PropertyValueSpecification\",\"valueRequired\":true,\"valueName\":\"search_term_string\"}}],\"inLanguage\":\"en-US\"},{\"@type\":\"Organization\",\"@id\":\"https:\\\/\\\/www.oubs.fi\\\/en\\\/#organization\",\"name\":\"OUBS\",\"url\":\"https:\\\/\\\/www.oubs.fi\\\/en\\\/\",\"logo\":{\"@type\":\"ImageObject\",\"inLanguage\":\"en-US\",\"@id\":\"https:\\\/\\\/www.oubs.fi\\\/en\\\/#\\\/schema\\\/logo\\\/image\\\/\",\"url\":\"https:\\\/\\\/i0.wp.com\\\/www.oubs.fi\\\/wp-content\\\/uploads\\\/2020\\\/03\\\/OUBS-logo-2018-valkoinen-pieni.png?fit=350%2C350&ssl=1\",\"contentUrl\":\"https:\\\/\\\/i0.wp.com\\\/www.oubs.fi\\\/wp-content\\\/uploads\\\/2020\\\/03\\\/OUBS-logo-2018-valkoinen-pieni.png?fit=350%2C350&ssl=1\",\"width\":350,\"height\":350,\"caption\":\"OUBS\"},\"image\":{\"@id\":\"https:\\\/\\\/www.oubs.fi\\\/en\\\/#\\\/schema\\\/logo\\\/image\\\/\"}}]}<\/script>\n<!-- \/ Yoast SEO plugin. -->","yoast_head_json":{"title":"Association - OUBS","robots":{"index":"index","follow":"follow","max-snippet":"max-snippet:-1","max-image-preview":"max-image-preview:large","max-video-preview":"max-video-preview:-1"},"canonical":"https:\/\/www.oubs.fi\/yhdistys\/","og_locale":"en_US","og_type":"article","og_title":"Association - OUBS","og_description":"Contact: Hallitus: hallitus [\u00e4t] oubs.fi Toimitus ja keikkapyynn\u00f6t: toimitus [\u00e4t] oubs.fi Rentals: vuokraus [\u00e4t] oubs.fi Subscribe OUBS&#8217;s mailing list! Email:&hellip;","og_url":"https:\/\/www.oubs.fi\/yhdistys\/","og_site_name":"OUBS","article_modified_time":"2026-03-12T20:24:00+00:00","twitter_card":"summary_large_image","twitter_misc":{"Est. reading time":"4 minutes"},"schema":{"@context":"https:\/\/schema.org","@graph":[{"@type":"WebPage","@id":"https:\/\/www.oubs.fi\/yhdistys\/","url":"https:\/\/www.oubs.fi\/yhdistys\/","name":"Association - OUBS","isPartOf":{"@id":"https:\/\/www.oubs.fi\/en\/#website"},"datePublished":"2015-10-11T19:28:19+00:00","dateModified":"2026-03-12T20:24:00+00:00","breadcrumb":{"@id":"https:\/\/www.oubs.fi\/yhdistys\/#breadcrumb"},"inLanguage":"en-US","potentialAction":[{"@type":"ReadAction","target":["https:\/\/www.oubs.fi\/yhdistys\/"]}]},{"@type":"BreadcrumbList","@id":"https:\/\/www.oubs.fi\/yhdistys\/#breadcrumb","itemListElement":[{"@type":"ListItem","position":1,"name":"Home","item":"https:\/\/www.oubs.fi\/en\/"},{"@type":"ListItem","position":2,"name":"Yhdistys"}]},{"@type":"WebSite","@id":"https:\/\/www.oubs.fi\/en\/#website","url":"https:\/\/www.oubs.fi\/en\/","name":"OUBS","description":"Otaniemen oma televisio","publisher":{"@id":"https:\/\/www.oubs.fi\/en\/#organization"},"potentialAction":[{"@type":"SearchAction","target":{"@type":"EntryPoint","urlTemplate":"https:\/\/www.oubs.fi\/en\/?s={search_term_string}"},"query-input":{"@type":"PropertyValueSpecification","valueRequired":true,"valueName":"search_term_string"}}],"inLanguage":"en-US"},{"@type":"Organization","@id":"https:\/\/www.oubs.fi\/en\/#organization","name":"OUBS","url":"https:\/\/www.oubs.fi\/en\/","logo":{"@type":"ImageObject","inLanguage":"en-US","@id":"https:\/\/www.oubs.fi\/en\/#\/schema\/logo\/image\/","url":"https:\/\/i0.wp.com\/www.oubs.fi\/wp-content\/uploads\/2020\/03\/OUBS-logo-2018-valkoinen-pieni.png?fit=350%2C350&ssl=1","contentUrl":"https:\/\/i0.wp.com\/www.oubs.fi\/wp-content\/uploads\/2020\/03\/OUBS-logo-2018-valkoinen-pieni.png?fit=350%2C350&ssl=1","width":350,"height":350,"caption":"OUBS"},"image":{"@id":"https:\/\/www.oubs.fi\/en\/#\/schema\/logo\/image\/"}}]}},"featured_image_src":null,"jetpack_sharing_enabled":true,"jetpack_shortlink":"https:\/\/wp.me\/P9tQTR-F","jetpack_likes_enabled":true,"_links":{"self":[{"href":"https:\/\/www.oubs.fi\/en\/wp-json\/wp\/v2\/pages\/41","targetHints":{"allow":["GET"]}}],"collection":[{"href":"https:\/\/www.oubs.fi\/en\/wp-json\/wp\/v2\/pages"}],"about":[{"href":"https:\/\/www.oubs.fi\/en\/wp-json\/wp\/v2\/types\/page"}],"author":[{"embeddable":true,"href":"https:\/\/www.oubs.fi\/en\/wp-json\/wp\/v2\/users\/2"}],"replies":[{"embeddable":true,"href":"https:\/\/www.oubs.fi\/en\/wp-json\/wp\/v2\/comments?post=41"}],"version-history":[{"count":115,"href":"https:\/\/www.oubs.fi\/en\/wp-json\/wp\/v2\/pages\/41\/revisions"}],"predecessor-version":[{"id":17282,"href":"https:\/\/www.oubs.fi\/en\/wp-json\/wp\/v2\/pages\/41\/revisions\/17282"}],"wp:attachment":[{"href":"https:\/\/www.oubs.fi\/en\/wp-json\/wp\/v2\/media?parent=41"}],"curies":[{"name":"wp","href":"https:\/\/api.w.org\/{rel}","templated":true}]}}