{"id":4523,"date":"2017-08-31T16:40:13","date_gmt":"2017-08-31T13:40:13","guid":{"rendered":"http:\/\/oubs.fi\/?page_id=4523"},"modified":"2017-10-08T21:23:10","modified_gmt":"2017-10-08T18:23:10","slug":"studiokuvat","status":"publish","type":"page","link":"https:\/\/www.oubs.fi\/en\/studiokuvat\/","title":{"rendered":"Studiokuvat"},"content":{"rendered":"<p><a href=\"https:\/\/www.oubs.fi\/studio\/\">&lt;&#8212;- takaisin Studio &#8211; sivulle<\/a><\/p>\n<p>Kuva 1, portailta lavalle, tarvittaessa studion saa kokonaan tyhj\u00e4ksi, verhojen takana on isoja varastohyllyj\u00e4 ja v\u00e4h\u00e4n tilaa.<\/p>\n<p>Pic 1, basic setup. From stairs to stage. The rent area is only inside moltons and small &#8220;kitchen&#8221;.<\/p>\n<p><a href=\"https:\/\/i0.wp.com\/www.oubs.fi\/wp-content\/uploads\/2017\/08\/IMG_0009.png?ssl=1\"><img data-recalc-dims=\"1\" loading=\"lazy\" decoding=\"async\" data-attachment-id=\"4525\" data-permalink=\"https:\/\/www.oubs.fi\/en\/studiokuvat\/img_0009\/\" data-orig-file=\"https:\/\/i0.wp.com\/www.oubs.fi\/wp-content\/uploads\/2017\/08\/IMG_0009.png?fit=1920%2C1280&amp;ssl=1\" data-orig-size=\"1920,1280\" data-comments-opened=\"0\" data-image-meta=\"{&quot;aperture&quot;:&quot;0&quot;,&quot;credit&quot;:&quot;&quot;,&quot;camera&quot;:&quot;&quot;,&quot;caption&quot;:&quot;&quot;,&quot;created_timestamp&quot;:&quot;0&quot;,&quot;copyright&quot;:&quot;&quot;,&quot;focal_length&quot;:&quot;0&quot;,&quot;iso&quot;:&quot;0&quot;,&quot;shutter_speed&quot;:&quot;0&quot;,&quot;title&quot;:&quot;&quot;,&quot;orientation&quot;:&quot;0&quot;}\" data-image-title=\"IMG_0009\" data-image-description=\"\" data-image-caption=\"\" data-large-file=\"https:\/\/i0.wp.com\/www.oubs.fi\/wp-content\/uploads\/2017\/08\/IMG_0009.png?fit=688%2C459&amp;ssl=1\" class=\"alignnone wp-image-4525\" src=\"https:\/\/i0.wp.com\/www.oubs.fi\/wp-content\/uploads\/2017\/08\/IMG_0009.png?resize=524%2C349&#038;ssl=1\" alt=\"\" width=\"524\" height=\"349\" srcset=\"https:\/\/i0.wp.com\/www.oubs.fi\/wp-content\/uploads\/2017\/08\/IMG_0009.png?resize=300%2C200&amp;ssl=1 300w, https:\/\/i0.wp.com\/www.oubs.fi\/wp-content\/uploads\/2017\/08\/IMG_0009.png?resize=768%2C512&amp;ssl=1 768w, https:\/\/i0.wp.com\/www.oubs.fi\/wp-content\/uploads\/2017\/08\/IMG_0009.png?resize=1024%2C683&amp;ssl=1 1024w, https:\/\/i0.wp.com\/www.oubs.fi\/wp-content\/uploads\/2017\/08\/IMG_0009.png?w=1920&amp;ssl=1 1920w, https:\/\/i0.wp.com\/www.oubs.fi\/wp-content\/uploads\/2017\/08\/IMG_0009.png?w=1376&amp;ssl=1 1376w\" sizes=\"auto, (max-width: 524px) 100vw, 524px\" \/><\/a><\/p>\n<p>Kuva 2, lavalta portaille, koppi n\u00e4kyy portaiden vasemmalla puolella.<\/p>\n<p>Pic 2, from stage to stairs. &#8220;Koppi&#8221; with mixing desk is also rent for 50\u20ac extra fee. Ask for more info!<\/p>\n<p><a href=\"https:\/\/i0.wp.com\/www.oubs.fi\/wp-content\/uploads\/2017\/08\/IMG_0017.png?ssl=1\"><img data-recalc-dims=\"1\" loading=\"lazy\" decoding=\"async\" data-attachment-id=\"4524\" data-permalink=\"https:\/\/www.oubs.fi\/en\/studiokuvat\/img_0017\/\" data-orig-file=\"https:\/\/i0.wp.com\/www.oubs.fi\/wp-content\/uploads\/2017\/08\/IMG_0017.png?fit=1920%2C1280&amp;ssl=1\" data-orig-size=\"1920,1280\" data-comments-opened=\"0\" data-image-meta=\"{&quot;aperture&quot;:&quot;0&quot;,&quot;credit&quot;:&quot;&quot;,&quot;camera&quot;:&quot;&quot;,&quot;caption&quot;:&quot;&quot;,&quot;created_timestamp&quot;:&quot;0&quot;,&quot;copyright&quot;:&quot;&quot;,&quot;focal_length&quot;:&quot;0&quot;,&quot;iso&quot;:&quot;0&quot;,&quot;shutter_speed&quot;:&quot;0&quot;,&quot;title&quot;:&quot;&quot;,&quot;orientation&quot;:&quot;0&quot;}\" data-image-title=\"IMG_0017\" data-image-description=\"\" data-image-caption=\"\" data-large-file=\"https:\/\/i0.wp.com\/www.oubs.fi\/wp-content\/uploads\/2017\/08\/IMG_0017.png?fit=688%2C459&amp;ssl=1\" class=\"alignnone wp-image-4524\" src=\"https:\/\/i0.wp.com\/www.oubs.fi\/wp-content\/uploads\/2017\/08\/IMG_0017.png?resize=524%2C349&#038;ssl=1\" alt=\"\" width=\"524\" height=\"349\" srcset=\"https:\/\/i0.wp.com\/www.oubs.fi\/wp-content\/uploads\/2017\/08\/IMG_0017.png?resize=300%2C200&amp;ssl=1 300w, https:\/\/i0.wp.com\/www.oubs.fi\/wp-content\/uploads\/2017\/08\/IMG_0017.png?resize=768%2C512&amp;ssl=1 768w, https:\/\/i0.wp.com\/www.oubs.fi\/wp-content\/uploads\/2017\/08\/IMG_0017.png?resize=1024%2C683&amp;ssl=1 1024w, https:\/\/i0.wp.com\/www.oubs.fi\/wp-content\/uploads\/2017\/08\/IMG_0017.png?w=1920&amp;ssl=1 1920w, https:\/\/i0.wp.com\/www.oubs.fi\/wp-content\/uploads\/2017\/08\/IMG_0017.png?w=1376&amp;ssl=1 1376w\" sizes=\"auto, (max-width: 524px) 100vw, 524px\" \/><\/a><\/p>\n<p>Kuva 3, molttonit saa tarvittaessa jokaiselle sivulle<\/p>\n<p>Pic 4, 360 setup.<\/p>\n<p><a href=\"https:\/\/i0.wp.com\/www.oubs.fi\/wp-content\/uploads\/2017\/08\/IMG_0016.png?ssl=1\"><img data-recalc-dims=\"1\" loading=\"lazy\" decoding=\"async\" data-attachment-id=\"4527\" data-permalink=\"https:\/\/www.oubs.fi\/en\/studiokuvat\/img_0016\/\" data-orig-file=\"https:\/\/i0.wp.com\/www.oubs.fi\/wp-content\/uploads\/2017\/08\/IMG_0016.png?fit=1920%2C1280&amp;ssl=1\" data-orig-size=\"1920,1280\" data-comments-opened=\"0\" data-image-meta=\"{&quot;aperture&quot;:&quot;0&quot;,&quot;credit&quot;:&quot;&quot;,&quot;camera&quot;:&quot;&quot;,&quot;caption&quot;:&quot;&quot;,&quot;created_timestamp&quot;:&quot;0&quot;,&quot;copyright&quot;:&quot;&quot;,&quot;focal_length&quot;:&quot;0&quot;,&quot;iso&quot;:&quot;0&quot;,&quot;shutter_speed&quot;:&quot;0&quot;,&quot;title&quot;:&quot;&quot;,&quot;orientation&quot;:&quot;0&quot;}\" data-image-title=\"IMG_0016\" data-image-description=\"\" data-image-caption=\"\" data-large-file=\"https:\/\/i0.wp.com\/www.oubs.fi\/wp-content\/uploads\/2017\/08\/IMG_0016.png?fit=688%2C459&amp;ssl=1\" class=\"alignnone wp-image-4527\" src=\"https:\/\/i0.wp.com\/www.oubs.fi\/wp-content\/uploads\/2017\/08\/IMG_0016.png?resize=522%2C348&#038;ssl=1\" alt=\"\" width=\"522\" height=\"348\" srcset=\"https:\/\/i0.wp.com\/www.oubs.fi\/wp-content\/uploads\/2017\/08\/IMG_0016.png?resize=300%2C200&amp;ssl=1 300w, https:\/\/i0.wp.com\/www.oubs.fi\/wp-content\/uploads\/2017\/08\/IMG_0016.png?resize=768%2C512&amp;ssl=1 768w, https:\/\/i0.wp.com\/www.oubs.fi\/wp-content\/uploads\/2017\/08\/IMG_0016.png?resize=1024%2C683&amp;ssl=1 1024w, https:\/\/i0.wp.com\/www.oubs.fi\/wp-content\/uploads\/2017\/08\/IMG_0016.png?w=1920&amp;ssl=1 1920w, https:\/\/i0.wp.com\/www.oubs.fi\/wp-content\/uploads\/2017\/08\/IMG_0016.png?w=1376&amp;ssl=1 1376w\" sizes=\"auto, (max-width: 522px) 100vw, 522px\" \/><\/a><\/p>\n<p>Kuva 4, kopilta lavalle<\/p>\n<p>Pic 4, from koppi to stage<\/p>\n<p><a href=\"https:\/\/i0.wp.com\/www.oubs.fi\/wp-content\/uploads\/2017\/08\/IMG_0011.png?ssl=1\"><img data-recalc-dims=\"1\" loading=\"lazy\" decoding=\"async\" data-attachment-id=\"4526\" data-permalink=\"https:\/\/www.oubs.fi\/en\/studiokuvat\/img_0011\/\" data-orig-file=\"https:\/\/i0.wp.com\/www.oubs.fi\/wp-content\/uploads\/2017\/08\/IMG_0011.png?fit=1920%2C1280&amp;ssl=1\" data-orig-size=\"1920,1280\" data-comments-opened=\"0\" data-image-meta=\"{&quot;aperture&quot;:&quot;0&quot;,&quot;credit&quot;:&quot;&quot;,&quot;camera&quot;:&quot;&quot;,&quot;caption&quot;:&quot;&quot;,&quot;created_timestamp&quot;:&quot;0&quot;,&quot;copyright&quot;:&quot;&quot;,&quot;focal_length&quot;:&quot;0&quot;,&quot;iso&quot;:&quot;0&quot;,&quot;shutter_speed&quot;:&quot;0&quot;,&quot;title&quot;:&quot;&quot;,&quot;orientation&quot;:&quot;0&quot;}\" data-image-title=\"IMG_0011\" data-image-description=\"\" data-image-caption=\"\" data-large-file=\"https:\/\/i0.wp.com\/www.oubs.fi\/wp-content\/uploads\/2017\/08\/IMG_0011.png?fit=688%2C459&amp;ssl=1\" class=\"alignnone wp-image-4526\" src=\"https:\/\/i0.wp.com\/www.oubs.fi\/wp-content\/uploads\/2017\/08\/IMG_0011.png?resize=522%2C348&#038;ssl=1\" alt=\"\" width=\"522\" height=\"348\" srcset=\"https:\/\/i0.wp.com\/www.oubs.fi\/wp-content\/uploads\/2017\/08\/IMG_0011.png?resize=300%2C200&amp;ssl=1 300w, https:\/\/i0.wp.com\/www.oubs.fi\/wp-content\/uploads\/2017\/08\/IMG_0011.png?resize=768%2C512&amp;ssl=1 768w, https:\/\/i0.wp.com\/www.oubs.fi\/wp-content\/uploads\/2017\/08\/IMG_0011.png?resize=1024%2C683&amp;ssl=1 1024w, https:\/\/i0.wp.com\/www.oubs.fi\/wp-content\/uploads\/2017\/08\/IMG_0011.png?w=1920&amp;ssl=1 1920w, https:\/\/i0.wp.com\/www.oubs.fi\/wp-content\/uploads\/2017\/08\/IMG_0011.png?w=1376&amp;ssl=1 1376w\" sizes=\"auto, (max-width: 522px) 100vw, 522px\" \/><\/a><\/p>\n<p><a href=\"https:\/\/www.oubs.fi\/studio\/\">&lt;&#8212;- takaisin Studio &#8211; sivulle<\/a><\/p>\n","protected":false},"excerpt":{"rendered":"<p>&lt;&#8212;- takaisin Studio &#8211; sivulle Kuva 1, portailta lavalle, tarvittaessa studion saa kokonaan tyhj\u00e4ksi, verhojen takana on isoja varastohyllyj\u00e4 ja&hellip;<\/p>\n","protected":false},"author":5,"featured_media":0,"parent":0,"menu_order":0,"comment_status":"closed","ping_status":"closed","template":"","meta":{"jetpack_post_was_ever_published":false,"footnotes":""},"class_list":["post-4523","page","type-page","status-publish","hentry"],"yoast_head":"<!-- This site is optimized with the Yoast SEO plugin v27.4 - https:\/\/yoast.com\/product\/yoast-seo-wordpress\/ -->\n<title>Studiokuvat - OUBS<\/title>\n<meta name=\"robots\" content=\"index, follow, max-snippet:-1, max-image-preview:large, max-video-preview:-1\" \/>\n<link rel=\"canonical\" href=\"https:\/\/www.oubs.fi\/studiokuvat\/\" \/>\n<meta property=\"og:locale\" content=\"en_US\" \/>\n<meta property=\"og:type\" content=\"article\" \/>\n<meta property=\"og:title\" content=\"Studiokuvat - OUBS\" \/>\n<meta property=\"og:description\" content=\"&lt;&#8212;- takaisin Studio &#8211; sivulle Kuva 1, portailta lavalle, tarvittaessa studion saa kokonaan tyhj\u00e4ksi, verhojen takana on isoja varastohyllyj\u00e4 ja&hellip;\" \/>\n<meta property=\"og:url\" content=\"https:\/\/www.oubs.fi\/studiokuvat\/\" \/>\n<meta property=\"og:site_name\" content=\"OUBS\" \/>\n<meta property=\"article:modified_time\" content=\"2017-10-08T18:23:10+00:00\" \/>\n<meta property=\"og:image\" content=\"https:\/\/www.oubs.fi\/wp-content\/uploads\/2017\/08\/IMG_0009-300x200.png\" \/>\n<meta name=\"twitter:card\" content=\"summary_large_image\" \/>\n<script type=\"application\/ld+json\" class=\"yoast-schema-graph\">{\"@context\":\"https:\\\/\\\/schema.org\",\"@graph\":[{\"@type\":\"WebPage\",\"@id\":\"https:\\\/\\\/www.oubs.fi\\\/studiokuvat\\\/\",\"url\":\"https:\\\/\\\/www.oubs.fi\\\/studiokuvat\\\/\",\"name\":\"Studiokuvat - OUBS\",\"isPartOf\":{\"@id\":\"https:\\\/\\\/www.oubs.fi\\\/en\\\/#website\"},\"primaryImageOfPage\":{\"@id\":\"https:\\\/\\\/www.oubs.fi\\\/studiokuvat\\\/#primaryimage\"},\"image\":{\"@id\":\"https:\\\/\\\/www.oubs.fi\\\/studiokuvat\\\/#primaryimage\"},\"thumbnailUrl\":\"https:\\\/\\\/www.oubs.fi\\\/wp-content\\\/uploads\\\/2017\\\/08\\\/IMG_0009-300x200.png\",\"datePublished\":\"2017-08-31T13:40:13+00:00\",\"dateModified\":\"2017-10-08T18:23:10+00:00\",\"breadcrumb\":{\"@id\":\"https:\\\/\\\/www.oubs.fi\\\/studiokuvat\\\/#breadcrumb\"},\"inLanguage\":\"en-US\",\"potentialAction\":[{\"@type\":\"ReadAction\",\"target\":[\"https:\\\/\\\/www.oubs.fi\\\/studiokuvat\\\/\"]}]},{\"@type\":\"ImageObject\",\"inLanguage\":\"en-US\",\"@id\":\"https:\\\/\\\/www.oubs.fi\\\/studiokuvat\\\/#primaryimage\",\"url\":\"https:\\\/\\\/www.oubs.fi\\\/wp-content\\\/uploads\\\/2017\\\/08\\\/IMG_0009-300x200.png\",\"contentUrl\":\"https:\\\/\\\/www.oubs.fi\\\/wp-content\\\/uploads\\\/2017\\\/08\\\/IMG_0009-300x200.png\"},{\"@type\":\"BreadcrumbList\",\"@id\":\"https:\\\/\\\/www.oubs.fi\\\/studiokuvat\\\/#breadcrumb\",\"itemListElement\":[{\"@type\":\"ListItem\",\"position\":1,\"name\":\"Home\",\"item\":\"https:\\\/\\\/www.oubs.fi\\\/en\\\/\"},{\"@type\":\"ListItem\",\"position\":2,\"name\":\"Studiokuvat\"}]},{\"@type\":\"WebSite\",\"@id\":\"https:\\\/\\\/www.oubs.fi\\\/en\\\/#website\",\"url\":\"https:\\\/\\\/www.oubs.fi\\\/en\\\/\",\"name\":\"OUBS\",\"description\":\"Otaniemen oma televisio\",\"publisher\":{\"@id\":\"https:\\\/\\\/www.oubs.fi\\\/en\\\/#organization\"},\"potentialAction\":[{\"@type\":\"SearchAction\",\"target\":{\"@type\":\"EntryPoint\",\"urlTemplate\":\"https:\\\/\\\/www.oubs.fi\\\/en\\\/?s={search_term_string}\"},\"query-input\":{\"@type\":\"PropertyValueSpecification\",\"valueRequired\":true,\"valueName\":\"search_term_string\"}}],\"inLanguage\":\"en-US\"},{\"@type\":\"Organization\",\"@id\":\"https:\\\/\\\/www.oubs.fi\\\/en\\\/#organization\",\"name\":\"OUBS\",\"url\":\"https:\\\/\\\/www.oubs.fi\\\/en\\\/\",\"logo\":{\"@type\":\"ImageObject\",\"inLanguage\":\"en-US\",\"@id\":\"https:\\\/\\\/www.oubs.fi\\\/en\\\/#\\\/schema\\\/logo\\\/image\\\/\",\"url\":\"https:\\\/\\\/i0.wp.com\\\/www.oubs.fi\\\/wp-content\\\/uploads\\\/2020\\\/03\\\/OUBS-logo-2018-valkoinen-pieni.png?fit=350%2C350&ssl=1\",\"contentUrl\":\"https:\\\/\\\/i0.wp.com\\\/www.oubs.fi\\\/wp-content\\\/uploads\\\/2020\\\/03\\\/OUBS-logo-2018-valkoinen-pieni.png?fit=350%2C350&ssl=1\",\"width\":350,\"height\":350,\"caption\":\"OUBS\"},\"image\":{\"@id\":\"https:\\\/\\\/www.oubs.fi\\\/en\\\/#\\\/schema\\\/logo\\\/image\\\/\"}}]}<\/script>\n<!-- \/ Yoast SEO plugin. -->","yoast_head_json":{"title":"Studiokuvat - OUBS","robots":{"index":"index","follow":"follow","max-snippet":"max-snippet:-1","max-image-preview":"max-image-preview:large","max-video-preview":"max-video-preview:-1"},"canonical":"https:\/\/www.oubs.fi\/studiokuvat\/","og_locale":"en_US","og_type":"article","og_title":"Studiokuvat - OUBS","og_description":"&lt;&#8212;- takaisin Studio &#8211; sivulle Kuva 1, portailta lavalle, tarvittaessa studion saa kokonaan tyhj\u00e4ksi, verhojen takana on isoja varastohyllyj\u00e4 ja&hellip;","og_url":"https:\/\/www.oubs.fi\/studiokuvat\/","og_site_name":"OUBS","article_modified_time":"2017-10-08T18:23:10+00:00","og_image":[{"url":"https:\/\/www.oubs.fi\/wp-content\/uploads\/2017\/08\/IMG_0009-300x200.png","type":"","width":"","height":""}],"twitter_card":"summary_large_image","schema":{"@context":"https:\/\/schema.org","@graph":[{"@type":"WebPage","@id":"https:\/\/www.oubs.fi\/studiokuvat\/","url":"https:\/\/www.oubs.fi\/studiokuvat\/","name":"Studiokuvat - OUBS","isPartOf":{"@id":"https:\/\/www.oubs.fi\/en\/#website"},"primaryImageOfPage":{"@id":"https:\/\/www.oubs.fi\/studiokuvat\/#primaryimage"},"image":{"@id":"https:\/\/www.oubs.fi\/studiokuvat\/#primaryimage"},"thumbnailUrl":"https:\/\/www.oubs.fi\/wp-content\/uploads\/2017\/08\/IMG_0009-300x200.png","datePublished":"2017-08-31T13:40:13+00:00","dateModified":"2017-10-08T18:23:10+00:00","breadcrumb":{"@id":"https:\/\/www.oubs.fi\/studiokuvat\/#breadcrumb"},"inLanguage":"en-US","potentialAction":[{"@type":"ReadAction","target":["https:\/\/www.oubs.fi\/studiokuvat\/"]}]},{"@type":"ImageObject","inLanguage":"en-US","@id":"https:\/\/www.oubs.fi\/studiokuvat\/#primaryimage","url":"https:\/\/www.oubs.fi\/wp-content\/uploads\/2017\/08\/IMG_0009-300x200.png","contentUrl":"https:\/\/www.oubs.fi\/wp-content\/uploads\/2017\/08\/IMG_0009-300x200.png"},{"@type":"BreadcrumbList","@id":"https:\/\/www.oubs.fi\/studiokuvat\/#breadcrumb","itemListElement":[{"@type":"ListItem","position":1,"name":"Home","item":"https:\/\/www.oubs.fi\/en\/"},{"@type":"ListItem","position":2,"name":"Studiokuvat"}]},{"@type":"WebSite","@id":"https:\/\/www.oubs.fi\/en\/#website","url":"https:\/\/www.oubs.fi\/en\/","name":"OUBS","description":"Otaniemen oma televisio","publisher":{"@id":"https:\/\/www.oubs.fi\/en\/#organization"},"potentialAction":[{"@type":"SearchAction","target":{"@type":"EntryPoint","urlTemplate":"https:\/\/www.oubs.fi\/en\/?s={search_term_string}"},"query-input":{"@type":"PropertyValueSpecification","valueRequired":true,"valueName":"search_term_string"}}],"inLanguage":"en-US"},{"@type":"Organization","@id":"https:\/\/www.oubs.fi\/en\/#organization","name":"OUBS","url":"https:\/\/www.oubs.fi\/en\/","logo":{"@type":"ImageObject","inLanguage":"en-US","@id":"https:\/\/www.oubs.fi\/en\/#\/schema\/logo\/image\/","url":"https:\/\/i0.wp.com\/www.oubs.fi\/wp-content\/uploads\/2020\/03\/OUBS-logo-2018-valkoinen-pieni.png?fit=350%2C350&ssl=1","contentUrl":"https:\/\/i0.wp.com\/www.oubs.fi\/wp-content\/uploads\/2020\/03\/OUBS-logo-2018-valkoinen-pieni.png?fit=350%2C350&ssl=1","width":350,"height":350,"caption":"OUBS"},"image":{"@id":"https:\/\/www.oubs.fi\/en\/#\/schema\/logo\/image\/"}}]}},"featured_image_src":null,"jetpack_sharing_enabled":true,"jetpack_shortlink":"https:\/\/wp.me\/P9tQTR-1aX","jetpack_likes_enabled":true,"_links":{"self":[{"href":"https:\/\/www.oubs.fi\/en\/wp-json\/wp\/v2\/pages\/4523","targetHints":{"allow":["GET"]}}],"collection":[{"href":"https:\/\/www.oubs.fi\/en\/wp-json\/wp\/v2\/pages"}],"about":[{"href":"https:\/\/www.oubs.fi\/en\/wp-json\/wp\/v2\/types\/page"}],"author":[{"embeddable":true,"href":"https:\/\/www.oubs.fi\/en\/wp-json\/wp\/v2\/users\/5"}],"replies":[{"embeddable":true,"href":"https:\/\/www.oubs.fi\/en\/wp-json\/wp\/v2\/comments?post=4523"}],"version-history":[{"count":6,"href":"https:\/\/www.oubs.fi\/en\/wp-json\/wp\/v2\/pages\/4523\/revisions"}],"predecessor-version":[{"id":4582,"href":"https:\/\/www.oubs.fi\/en\/wp-json\/wp\/v2\/pages\/4523\/revisions\/4582"}],"wp:attachment":[{"href":"https:\/\/www.oubs.fi\/en\/wp-json\/wp\/v2\/media?parent=4523"}],"curies":[{"name":"wp","href":"https:\/\/api.w.org\/{rel}","templated":true}]}}