{"id":5417,"date":"2020-05-07T21:15:40","date_gmt":"2020-05-07T18:15:40","guid":{"rendered":"http:\/\/oubs.fi\/?page_id=5417"},"modified":"2023-02-12T12:25:40","modified_gmt":"2023-02-12T10:25:40","slug":"jaseneksi","status":"publish","type":"page","link":"https:\/\/www.oubs.fi\/en\/jaseneksi\/","title":{"rendered":"Becoming a member"},"content":{"rendered":"<p>Joining OUBS ry is completely free! By being an active member of the association, you&#8217;re eligible for, for example:\n<\/p>\n\n\n\n<ul class=\"wp-block-list\"><li>Renting equipment at a discounted rate<\/li><li>Using the studio&#8217;s tech at a discounted rate<\/li><\/ul>\n\n\n\n<div class=\"wpcf7 no-js\" id=\"wpcf7-f28-o2\" lang=\"fi\" dir=\"ltr\" data-wpcf7-id=\"28\">\n<div class=\"screen-reader-response\"><p role=\"status\" aria-live=\"polite\" aria-atomic=\"true\"><\/p> <ul><\/ul><\/div>\n<form action=\"\/en\/wp-json\/wp\/v2\/pages\/5417#wpcf7-f28-o2\" method=\"post\" class=\"wpcf7-form init\" aria-label=\"Contact form\" novalidate=\"novalidate\" data-status=\"init\">\n<fieldset class=\"hidden-fields-container\"><input type=\"hidden\" name=\"_wpcf7\" value=\"28\" \/><input type=\"hidden\" name=\"_wpcf7_version\" value=\"6.1.5\" \/><input type=\"hidden\" name=\"_wpcf7_locale\" value=\"fi\" \/><input type=\"hidden\" name=\"_wpcf7_unit_tag\" value=\"wpcf7-f28-o2\" \/><input type=\"hidden\" name=\"_wpcf7_container_post\" value=\"0\" \/><input type=\"hidden\" name=\"_wpcf7_posted_data_hash\" value=\"\" \/><input type=\"hidden\" name=\"redirect_nonce\" value=\"e559822f66\" \/><input type=\"hidden\" name=\"wpcf7cfpdf_hidden_name\" value=\"document-pdf\" \/><input type=\"hidden\" name=\"wpcf7cfpdf_hidden_reference\" value=\"82aabcb6\" \/><input type=\"hidden\" name=\"wpcf7cfpdf_hidden_date\" value=\"04192026\" \/>\n<\/fieldset>\n<p>* = pakollinen t\u00e4ytt\u00e4\u00e4 \/ must be filled\n<\/p>\n<p>Etunimi (kaikki nimet) \/ First Name (all names) *\n<\/p>\n<p><span class=\"wpcf7-form-control-wrap\" data-name=\"etunimi\"><input size=\"40\" maxlength=\"400\" class=\"wpcf7-form-control wpcf7-text wpcf7-validates-as-required\" aria-required=\"true\" aria-invalid=\"false\" value=\"\" type=\"text\" name=\"etunimi\" \/><\/span>\n<\/p>\n<p>Sukunimi \/ Last Name*\n<\/p>\n<p><span class=\"wpcf7-form-control-wrap\" data-name=\"sukunimi\"><input size=\"40\" maxlength=\"400\" class=\"wpcf7-form-control wpcf7-text wpcf7-validates-as-required\" aria-required=\"true\" aria-invalid=\"false\" value=\"\" type=\"text\" name=\"sukunimi\" \/><\/span>\n<\/p>\n<p>S\u00e4hk\u00f6posti \/ Email*\n<\/p>\n<p><span class=\"wpcf7-form-control-wrap\" data-name=\"email\"><input size=\"40\" maxlength=\"400\" class=\"wpcf7-form-control wpcf7-email wpcf7-validates-as-required wpcf7-text wpcf7-validates-as-email\" aria-required=\"true\" aria-invalid=\"false\" value=\"\" type=\"email\" name=\"email\" \/><\/span>\n<\/p>\n<p>Asuinkunta \/ Municipality (where currently living) *\n<\/p>\n<p><span class=\"wpcf7-form-control-wrap\" data-name=\"asuinkunta\"><input size=\"40\" maxlength=\"400\" class=\"wpcf7-form-control wpcf7-text wpcf7-validates-as-required\" aria-required=\"true\" aria-invalid=\"false\" value=\"\" type=\"text\" name=\"asuinkunta\" \/><\/span>\n<\/p>\n<p>Oletko AYY:n j\u00e4sen?* \/ Are you member of AYY?\n<\/p>\n<p><span class=\"wpcf7-form-control-wrap\" data-name=\"ayy-jasen\"><span class=\"wpcf7-form-control wpcf7-radio\"><span class=\"wpcf7-list-item first\"><input type=\"radio\" name=\"ayy-jasen\" value=\"Kyll\u00e4\/Yes\" \/><span class=\"wpcf7-list-item-label\">Kyll\u00e4\/Yes<\/span><\/span><span class=\"wpcf7-list-item last\"><input type=\"radio\" name=\"ayy-jasen\" value=\"En\/No\" \/><span class=\"wpcf7-list-item-label\">En\/No<\/span><\/span><\/span><\/span>\n<\/p>\n<p>Odotettu valmistumisvuosi? \/ Estimate when you will graduate?\n<\/p>\n<p><span class=\"wpcf7-form-control-wrap\" data-name=\"valmistumisvuosi\"><input size=\"40\" maxlength=\"400\" class=\"wpcf7-form-control wpcf7-text\" aria-invalid=\"false\" value=\"\" type=\"text\" name=\"valmistumisvuosi\" \/><\/span>\n<\/p>\n<p>Vapaa sana hallitukselle<br \/>\nMit\u00e4 haluaisit p\u00e4\u00e4st\u00e4 tekem\u00e4\u00e4n yhdistyksess\u00e4? Kerro my\u00f6s hieman itsest\u00e4si \/ What you want to tell to the board? What you would like to do in OUBS?\n<\/p>\n<p><span class=\"wpcf7-form-control-wrap\" data-name=\"vapaa-sana\"><textarea cols=\"40\" rows=\"10\" maxlength=\"2000\" class=\"wpcf7-form-control wpcf7-textarea\" aria-invalid=\"false\" name=\"vapaa-sana\"><\/textarea><\/span>\n<\/p>\n<p>J\u00e4seneksi liittym\u00e4ll\u00e4 hyv\u00e4ksyt j\u00e4senrekisterin <a href = \"https:\/\/www.oubs.fi\/wp-content\/uploads\/2018\/05\/Tietosuojaseloste-J\u00e4senrekisteri-3.pdf\">tietosuojaselosteen<\/a>.\n<\/p>\n<p><div id=\"cf7sr-69e4c8ffb7eb7\" class=\"cf7sr-g-recaptcha\" data-theme=\"light\" data-type=\"image\" data-size=\"normal\" data-sitekey=\"6LeSfXAkAAAAAJEB96YCcucQIFHRNh4UMF5Y0TZy\"><\/div><span class=\"wpcf7-form-control-wrap cf7sr-recaptcha\" data-name=\"cf7sr-recaptcha\"><input type=\"hidden\" name=\"cf7sr-recaptcha\" value=\"\" class=\"wpcf7-form-control\"><\/span>\n<\/p>\n<p><input class=\"wpcf7-form-control wpcf7-submit has-spinner\" type=\"submit\" value=\"Liity j\u00e4seneksi! \/ Join us!\" \/>\n<\/p><div class=\"wpcf7-response-output\" aria-hidden=\"true\"><\/div>\n<\/form>\n<\/div>\n\n\n\n\n<p><\/p>","protected":false},"excerpt":{"rendered":"<p>Joining OUBS ry is completely free! By being an active member of the association, you&#8217;re eligible for, for example: Renting&hellip;<\/p>\n","protected":false},"author":5,"featured_media":0,"parent":0,"menu_order":0,"comment_status":"closed","ping_status":"closed","template":"","meta":{"jetpack_post_was_ever_published":false,"footnotes":""},"class_list":["post-5417","page","type-page","status-publish","hentry"],"yoast_head":"<!-- This site is optimized with the Yoast SEO plugin v27.4 - https:\/\/yoast.com\/product\/yoast-seo-wordpress\/ -->\n<title>Becoming a member - OUBS<\/title>\n<meta name=\"robots\" content=\"index, follow, max-snippet:-1, max-image-preview:large, max-video-preview:-1\" \/>\n<link rel=\"canonical\" href=\"https:\/\/www.oubs.fi\/jaseneksi\/\" \/>\n<meta property=\"og:locale\" content=\"en_US\" \/>\n<meta property=\"og:type\" content=\"article\" \/>\n<meta property=\"og:title\" content=\"Becoming a member - OUBS\" \/>\n<meta property=\"og:description\" content=\"Joining OUBS ry is completely free! By being an active member of the association, you&#8217;re eligible for, for example: Renting&hellip;\" \/>\n<meta property=\"og:url\" content=\"https:\/\/www.oubs.fi\/jaseneksi\/\" \/>\n<meta property=\"og:site_name\" content=\"OUBS\" \/>\n<meta property=\"article:modified_time\" content=\"2023-02-12T10:25:40+00:00\" \/>\n<meta name=\"twitter:card\" content=\"summary_large_image\" \/>\n<meta name=\"twitter:label1\" content=\"Est. reading time\" \/>\n\t<meta name=\"twitter:data1\" content=\"1 minute\" \/>\n<script type=\"application\/ld+json\" class=\"yoast-schema-graph\">{\"@context\":\"https:\\\/\\\/schema.org\",\"@graph\":[{\"@type\":\"WebPage\",\"@id\":\"https:\\\/\\\/www.oubs.fi\\\/jaseneksi\\\/\",\"url\":\"https:\\\/\\\/www.oubs.fi\\\/jaseneksi\\\/\",\"name\":\"Becoming a member - OUBS\",\"isPartOf\":{\"@id\":\"https:\\\/\\\/www.oubs.fi\\\/en\\\/#website\"},\"datePublished\":\"2020-05-07T18:15:40+00:00\",\"dateModified\":\"2023-02-12T10:25:40+00:00\",\"breadcrumb\":{\"@id\":\"https:\\\/\\\/www.oubs.fi\\\/jaseneksi\\\/#breadcrumb\"},\"inLanguage\":\"en-US\",\"potentialAction\":[{\"@type\":\"ReadAction\",\"target\":[\"https:\\\/\\\/www.oubs.fi\\\/jaseneksi\\\/\"]}]},{\"@type\":\"BreadcrumbList\",\"@id\":\"https:\\\/\\\/www.oubs.fi\\\/jaseneksi\\\/#breadcrumb\",\"itemListElement\":[{\"@type\":\"ListItem\",\"position\":1,\"name\":\"Home\",\"item\":\"https:\\\/\\\/www.oubs.fi\\\/en\\\/\"},{\"@type\":\"ListItem\",\"position\":2,\"name\":\"J\u00e4seneksi\"}]},{\"@type\":\"WebSite\",\"@id\":\"https:\\\/\\\/www.oubs.fi\\\/en\\\/#website\",\"url\":\"https:\\\/\\\/www.oubs.fi\\\/en\\\/\",\"name\":\"OUBS\",\"description\":\"Otaniemen oma televisio\",\"publisher\":{\"@id\":\"https:\\\/\\\/www.oubs.fi\\\/en\\\/#organization\"},\"potentialAction\":[{\"@type\":\"SearchAction\",\"target\":{\"@type\":\"EntryPoint\",\"urlTemplate\":\"https:\\\/\\\/www.oubs.fi\\\/en\\\/?s={search_term_string}\"},\"query-input\":{\"@type\":\"PropertyValueSpecification\",\"valueRequired\":true,\"valueName\":\"search_term_string\"}}],\"inLanguage\":\"en-US\"},{\"@type\":\"Organization\",\"@id\":\"https:\\\/\\\/www.oubs.fi\\\/en\\\/#organization\",\"name\":\"OUBS\",\"url\":\"https:\\\/\\\/www.oubs.fi\\\/en\\\/\",\"logo\":{\"@type\":\"ImageObject\",\"inLanguage\":\"en-US\",\"@id\":\"https:\\\/\\\/www.oubs.fi\\\/en\\\/#\\\/schema\\\/logo\\\/image\\\/\",\"url\":\"https:\\\/\\\/i0.wp.com\\\/www.oubs.fi\\\/wp-content\\\/uploads\\\/2020\\\/03\\\/OUBS-logo-2018-valkoinen-pieni.png?fit=350%2C350&ssl=1\",\"contentUrl\":\"https:\\\/\\\/i0.wp.com\\\/www.oubs.fi\\\/wp-content\\\/uploads\\\/2020\\\/03\\\/OUBS-logo-2018-valkoinen-pieni.png?fit=350%2C350&ssl=1\",\"width\":350,\"height\":350,\"caption\":\"OUBS\"},\"image\":{\"@id\":\"https:\\\/\\\/www.oubs.fi\\\/en\\\/#\\\/schema\\\/logo\\\/image\\\/\"}}]}<\/script>\n<!-- \/ Yoast SEO plugin. -->","yoast_head_json":{"title":"Becoming a member - OUBS","robots":{"index":"index","follow":"follow","max-snippet":"max-snippet:-1","max-image-preview":"max-image-preview:large","max-video-preview":"max-video-preview:-1"},"canonical":"https:\/\/www.oubs.fi\/jaseneksi\/","og_locale":"en_US","og_type":"article","og_title":"Becoming a member - OUBS","og_description":"Joining OUBS ry is completely free! By being an active member of the association, you&#8217;re eligible for, for example: Renting&hellip;","og_url":"https:\/\/www.oubs.fi\/jaseneksi\/","og_site_name":"OUBS","article_modified_time":"2023-02-12T10:25:40+00:00","twitter_card":"summary_large_image","twitter_misc":{"Est. reading time":"1 minute"},"schema":{"@context":"https:\/\/schema.org","@graph":[{"@type":"WebPage","@id":"https:\/\/www.oubs.fi\/jaseneksi\/","url":"https:\/\/www.oubs.fi\/jaseneksi\/","name":"Becoming a member - OUBS","isPartOf":{"@id":"https:\/\/www.oubs.fi\/en\/#website"},"datePublished":"2020-05-07T18:15:40+00:00","dateModified":"2023-02-12T10:25:40+00:00","breadcrumb":{"@id":"https:\/\/www.oubs.fi\/jaseneksi\/#breadcrumb"},"inLanguage":"en-US","potentialAction":[{"@type":"ReadAction","target":["https:\/\/www.oubs.fi\/jaseneksi\/"]}]},{"@type":"BreadcrumbList","@id":"https:\/\/www.oubs.fi\/jaseneksi\/#breadcrumb","itemListElement":[{"@type":"ListItem","position":1,"name":"Home","item":"https:\/\/www.oubs.fi\/en\/"},{"@type":"ListItem","position":2,"name":"J\u00e4seneksi"}]},{"@type":"WebSite","@id":"https:\/\/www.oubs.fi\/en\/#website","url":"https:\/\/www.oubs.fi\/en\/","name":"OUBS","description":"Otaniemen oma televisio","publisher":{"@id":"https:\/\/www.oubs.fi\/en\/#organization"},"potentialAction":[{"@type":"SearchAction","target":{"@type":"EntryPoint","urlTemplate":"https:\/\/www.oubs.fi\/en\/?s={search_term_string}"},"query-input":{"@type":"PropertyValueSpecification","valueRequired":true,"valueName":"search_term_string"}}],"inLanguage":"en-US"},{"@type":"Organization","@id":"https:\/\/www.oubs.fi\/en\/#organization","name":"OUBS","url":"https:\/\/www.oubs.fi\/en\/","logo":{"@type":"ImageObject","inLanguage":"en-US","@id":"https:\/\/www.oubs.fi\/en\/#\/schema\/logo\/image\/","url":"https:\/\/i0.wp.com\/www.oubs.fi\/wp-content\/uploads\/2020\/03\/OUBS-logo-2018-valkoinen-pieni.png?fit=350%2C350&ssl=1","contentUrl":"https:\/\/i0.wp.com\/www.oubs.fi\/wp-content\/uploads\/2020\/03\/OUBS-logo-2018-valkoinen-pieni.png?fit=350%2C350&ssl=1","width":350,"height":350,"caption":"OUBS"},"image":{"@id":"https:\/\/www.oubs.fi\/en\/#\/schema\/logo\/image\/"}}]}},"featured_image_src":null,"jetpack_sharing_enabled":true,"jetpack_shortlink":"https:\/\/wp.me\/P9tQTR-1pn","jetpack_likes_enabled":true,"_links":{"self":[{"href":"https:\/\/www.oubs.fi\/en\/wp-json\/wp\/v2\/pages\/5417","targetHints":{"allow":["GET"]}}],"collection":[{"href":"https:\/\/www.oubs.fi\/en\/wp-json\/wp\/v2\/pages"}],"about":[{"href":"https:\/\/www.oubs.fi\/en\/wp-json\/wp\/v2\/types\/page"}],"author":[{"embeddable":true,"href":"https:\/\/www.oubs.fi\/en\/wp-json\/wp\/v2\/users\/5"}],"replies":[{"embeddable":true,"href":"https:\/\/www.oubs.fi\/en\/wp-json\/wp\/v2\/comments?post=5417"}],"version-history":[{"count":13,"href":"https:\/\/www.oubs.fi\/en\/wp-json\/wp\/v2\/pages\/5417\/revisions"}],"predecessor-version":[{"id":16272,"href":"https:\/\/www.oubs.fi\/en\/wp-json\/wp\/v2\/pages\/5417\/revisions\/16272"}],"wp:attachment":[{"href":"https:\/\/www.oubs.fi\/en\/wp-json\/wp\/v2\/media?parent=5417"}],"curies":[{"name":"wp","href":"https:\/\/api.w.org\/{rel}","templated":true}]}}