{"id":9,"date":"2015-10-09T13:46:07","date_gmt":"2015-10-09T13:46:07","guid":{"rendered":"http:\/\/oubs.ayy.fi\/?page_id=9"},"modified":"2023-11-04T18:53:13","modified_gmt":"2023-11-04T16:53:13","slug":"otaniemen-oma-televisio","status":"publish","type":"page","link":"https:\/\/www.oubs.fi\/en\/","title":{"rendered":"Otaniemi&#8217;s own tv"},"content":{"rendered":"<h2 class=\"wp-block-heading\">Invitation to the association&#8217;s fall meeting<\/h2>\n\n\n\n<p>The board of the association invites all members to join the fall meeting on Tuesday 18.10.2023 at 18:00 at the Studio in J\u00e4mer\u00e4ntaival 1. It is also possibleto join the the meeting remotely, as permitted by article $10 of the rules of the association. The meeting agenda includes discussing the acceptance of the report of activities and financial statements for the 2022-2023 term, as well as selecting an Action plan and Budget for the 2023-2024 term. The meeting agenda, which can be read <a href=\"https:\/\/docs.google.com\/document\/d\/1WB2B7neQ3Ph_7Qq7AVNdpaxqCULfGG0Toge_DKyFakY\/edit?usp=sharing\">here<\/a> also contains details about remote participation.<\/p>\n\n\n\n<hr class=\"wp-block-separator\"\/>\n\n\n\n<h2 class=\"wp-block-heading\">Basics about the association<\/h2>\n\n\n<p>\u00a0<strong>OUBS ry\u00a0<\/strong>is an assocition of the students of Otaniemi who are interested in video recording and streaming. We stream various student events online and record student culture to future generations in video form. In our activities you will learn processing video and audio as well as working in a multi-camera production. In addition to filming gigs, we organize trainings that are open to everyone. For a closer look at the kinds of things we do, take a look at our\u00a0<a href=\"https:\/\/youtu.be\/WJb7IrOq7Ho\" target=\"_blank\" rel=\"noopener\">Showreel<\/a>.<\/p>\n<p>In addtion, we maintain the studio located in J\u00e4mer\u00e4ntaival 1, which is a well-equipped multi-purpose facility that can be rented by all members of AYY.\u00a0\u00a0<a href=\"https:\/\/www.oubs.fi\/studio\/\">Read more about the Studio.<\/a><\/p>\n<p>Join our awesome crew and get information about upcoming trainings, productions and other events: <a href=\"https:\/\/www.oubs.fi\/jaseneksi\/\">Become a member!<\/a> Membership is free.<\/p>\n<h3>Our latest videos<\/h3>\n<p><\/p>\n\t\t\t<div \n\t\t\tclass=\"yotu-playlist yotuwp yotu-limit-min   yotu-thumb-169  yotu-template-mix\" \n\t\t\tdata-page=\"1\"\n\t\t\tid=\"yotuwp-69eb7e923d0bc\"\n\t\t\tdata-yotu=\"modal\"\n\t\t\tdata-total=\"32\"\n\t\t\tdata-settings=\"eyJ0eXBlIjoicGxheWxpc3QiLCJpZCI6IlVVQlBpRFlsT1VsS2NWUnJvWk55dUlrdyIsInBhZ2luYXRpb24iOiJvbiIsInBhZ2l0eXBlIjoibG9hZG1vcmUiLCJjb2x1bW4iOiIxIiwicGVyX3BhZ2UiOiI0IiwidGVtcGxhdGUiOiJtaXgiLCJ0aXRsZSI6Im9uIiwiZGVzY3JpcHRpb24iOiJvbiIsInRodW1icmF0aW8iOiIxNjkiLCJtZXRhIjoib2ZmIiwibWV0YV9kYXRhIjoib2ZmIiwibWV0YV9wb3NpdGlvbiI6ImFmdGVyX2xpbmsiLCJkYXRlX2Zvcm1hdCI6InRpbWVhZ28iLCJtZXRhX2FsaWduIjoiIiwic3Vic2NyaWJlIjoib2ZmIiwiZHVyYXRpb24iOiJvZmYiLCJtZXRhX2ljb24iOiJvZmYiLCJuZXh0dGV4dCI6IiIsInByZXZ0ZXh0IjoiIiwibG9hZG1vcmV0ZXh0IjoiTGlzXHUwMGU0XHUwMGU0IiwicGxheWVyIjp7Im1vZGUiOiJwb3B1cCIsIndpZHRoIjoiNjAwIiwic2Nyb2xsaW5nIjoiMTAwIiwiYXV0b3BsYXkiOjEsImNvbnRyb2xzIjoxLCJtb2Rlc3RicmFuZGluZyI6MSwibG9vcCI6MCwiYXV0b25leHQiOjEsInNob3dpbmZvIjoxLCJyZWwiOjEsInBsYXlpbmciOjEsInBsYXlpbmdfZGVzY3JpcHRpb24iOjEsInRodW1ibmFpbHMiOjEsImNjX2xvYWRfcG9saWN5IjoiMCIsImNjX2xhbmdfcHJlZiI6IjEiLCJobCI6IiIsIml2X2xvYWRfcG9saWN5IjoiMSJ9LCJsYXN0X3RhYiI6InN0eWxpbmciLCJ1c2VfYXNfbW9kYWwiOiJvZmYiLCJtb2RhbF9pZCI6Im9mZiIsImxhc3RfdXBkYXRlIjoiMTU4NjUzMDQwMyIsInN0eWxpbmciOnsicGFnZXJfbGF5b3V0IjoiYm90aHNpZGVfbm9fdGV4dCIsImJ1dHRvbiI6IjEiLCJidXR0b25fY29sb3IiOiIjZmZmZmZmIiwiYnV0dG9uX2JnX2NvbG9yIjoiIzRjOTliYSIsImJ1dHRvbl9jb2xvcl9ob3ZlciI6IiNmZmZmZmYiLCJidXR0b25fYmdfY29sb3JfaG92ZXIiOiIjMWE4YWJhIiwidmlkZW9fc3R5bGUiOiJhYm5iIiwicGxheWljb25fY29sb3IiOiIiLCJob3Zlcl9pY29uIjoicGxheS00IiwiZ2FsbGVyeV9iZyI6IiIsInRpdGxlX2NvbG9yIjoiI2ZmZmZmZiIsImRlc2NyaXB0aW9uX2NvbG9yIjoiI2ZmZmZmZiIsInBsYXlpbmdfdGl0bGVfY29sb3IiOiIjZmZmZmZmIiwiZGVzY3JpcHRpb25fYWxpZ24iOiIiLCJ0aXRsZV9hbGlnbiI6IiIsIm1ldGFfY29sb3IiOiIjZmZmZmZmIiwiZmxpcF9jb250ZW50X2JnIjoiI2ZmZmZmZiJ9LCJlZmZlY3RzIjp7InZpZGVvX2JveCI6Inl0ZWYtZ3JvdyIsImZsaXBfZWZmZWN0IjoieXRob3Zlci1mYWRlIn0sImdhbGxlcnlfaWQiOiI2OWViN2U5MjNkMGJjIiwibmV4dCI6IkVBQWFIbEJVT2tOQlVXbEZSRWsxVW1wVk1sSkViRUpPYWtVeVRrVlJNVTFWUlEiLCJwcmV2IjoiIn0=\"\n\t\t\tdata-player=\"popup\"\n\t\t\tdata-showdesc=\"on\" >\n\t\t\t\t<div>\n\t\t\t\t\t<div class=\"yotu-videos yotu-mode-mix yotu-mode-grid yotu-preset yotu-preset-abnb yotu-column-1 yotu-player-mode-popup yotuhover-play-4\">\n\t<ul>\n\t\t\t\t\t<li class=\" yotu-first\">\n\t\t\t\t\t\t\t\t<a href=\"#hfmuijYNCPw\" class=\"yotu-video ytef-grow\" data-videoid=\"hfmuijYNCPw\" data-title=\"Laskiaisrieha 2026\">\n\t\t\t\t\t<div class=\"yotu-video-thumb-wrp\">\n\t\t\t\t\t\t<div>\n\t\t\t\t\t\t\t\t\t\t\t\t\t\t<img data-recalc-dims=\"1\" decoding=\"async\" class=\"yotu-video-thumb\" src=\"https:\/\/i0.wp.com\/i.ytimg.com\/vi\/hfmuijYNCPw\/sddefault.jpg?w=688&#038;ssl=1\" alt=\"Laskiaisrieha 2026\" \/>\n\t\t\t\t\t\t\t\t\t\t\t\t\t<\/div>\n\t\t\t\t\t<\/div>\n\t\t\t\t\t\t\t\t\t\t\t<h3 class=\"yotu-video-title\">Laskiaisrieha 2026<\/h3>\n\t\t\t\t\t\t\t\t\t\t\t\t\t\t\t\t\t\t\t\t\t<div class=\"yotu-video-description\"><\/div>\n\t\t\t\t\t\t\t\t\t<\/a>\n\t\t\t\t<div class=\"yotuwp-video-meta\"><\/div>\t\t\t<\/li>\n\t\t\t\t\n\t\t\t\t\t\t<li class=\"\">\n\t\t\t\t\t\t\t\t<a href=\"#JcsU-3eqBuo\" class=\"yotu-video ytef-grow\" data-videoid=\"JcsU-3eqBuo\" data-title=\"Teekkariel\u00e4m\u00e4\u00e4-luento 2025\">\n\t\t\t\t\t<div class=\"yotu-video-thumb-wrp\">\n\t\t\t\t\t\t<div>\n\t\t\t\t\t\t\t\t\t\t\t\t\t\t<img data-recalc-dims=\"1\" decoding=\"async\" class=\"yotu-video-thumb\" src=\"https:\/\/i0.wp.com\/i.ytimg.com\/vi\/JcsU-3eqBuo\/sddefault.jpg?w=688&#038;ssl=1\" alt=\"Teekkariel\u00e4m\u00e4\u00e4-luento 2025\" \/>\n\t\t\t\t\t\t\t\t\t\t\t\t\t<\/div>\n\t\t\t\t\t<\/div>\n\t\t\t\t\t\t\t\t\t\t\t<h3 class=\"yotu-video-title\">Teekkariel\u00e4m\u00e4\u00e4-luento 2025<\/h3>\n\t\t\t\t\t\t\t\t\t\t\t\t\t\t\t\t\t\t\t\t\t<div class=\"yotu-video-description\"><\/div>\n\t\t\t\t\t\t\t\t\t<\/a>\n\t\t\t\t<div class=\"yotuwp-video-meta\"><\/div>\t\t\t<\/li>\n\t\t\t\t\n\t\t\t\t\t\t<li class=\"\">\n\t\t\t\t\t\t\t\t<a href=\"#1WYKVOwwc1Y\" class=\"yotu-video ytef-grow\" data-videoid=\"1WYKVOwwc1Y\" data-title=\"Fuksispeksit 2025\">\n\t\t\t\t\t<div class=\"yotu-video-thumb-wrp\">\n\t\t\t\t\t\t<div>\n\t\t\t\t\t\t\t\t\t\t\t\t\t\t<img data-recalc-dims=\"1\" decoding=\"async\" class=\"yotu-video-thumb\" src=\"https:\/\/i0.wp.com\/i.ytimg.com\/vi\/1WYKVOwwc1Y\/sddefault.jpg?w=688&#038;ssl=1\" alt=\"Fuksispeksit 2025\" \/>\n\t\t\t\t\t\t\t\t\t\t\t\t\t<\/div>\n\t\t\t\t\t<\/div>\n\t\t\t\t\t\t\t\t\t\t\t<h3 class=\"yotu-video-title\">Fuksispeksit 2025<\/h3>\n\t\t\t\t\t\t\t\t\t\t\t\t\t\t\t\t\t\t\t\t\t<div class=\"yotu-video-description\"><\/div>\n\t\t\t\t\t\t\t\t\t<\/a>\n\t\t\t\t<div class=\"yotuwp-video-meta\"><\/div>\t\t\t<\/li>\n\t\t\t\t\n\t\t\t\t\t\t<li class=\"\">\n\t\t\t\t\t\t\t\t<a href=\"#dHSXgWxVtTM\" class=\"yotu-video ytef-grow\" data-videoid=\"dHSXgWxVtTM\" data-title=\"J\u00e4yn\u00e4kilpailun finaali 2025\">\n\t\t\t\t\t<div class=\"yotu-video-thumb-wrp\">\n\t\t\t\t\t\t<div>\n\t\t\t\t\t\t\t\t\t\t\t\t\t\t<img data-recalc-dims=\"1\" decoding=\"async\" class=\"yotu-video-thumb\" src=\"https:\/\/i0.wp.com\/i.ytimg.com\/vi\/dHSXgWxVtTM\/sddefault.jpg?w=688&#038;ssl=1\" alt=\"J\u00e4yn\u00e4kilpailun finaali 2025\" \/>\n\t\t\t\t\t\t\t\t\t\t\t\t\t<\/div>\n\t\t\t\t\t<\/div>\n\t\t\t\t\t\t\t\t\t\t\t<h3 class=\"yotu-video-title\">J\u00e4yn\u00e4kilpailun finaali 2025<\/h3>\n\t\t\t\t\t\t\t\t\t\t\t\t\t\t\t\t\t\t\t\t\t<div class=\"yotu-video-description\"><\/div>\n\t\t\t\t\t\t\t\t\t<\/a>\n\t\t\t\t<div class=\"yotuwp-video-meta\"><\/div>\t\t\t<\/li>\n\t\t\t\t\n\t\t\t\t<\/ul>\n<\/div><div class=\"yotu-pagination\">\n\t<a href=\"#\" class=\"yotu-pagination-more yotu-button-prs yotu-button-prs-1\" data-page=\"more\">Load more<\/a>\n<\/div>\n\t\t\t\t<\/div>\n\t\t\t<\/div>\n\t\t\t\n\n\n<div class='sk-instagram-feed' data-embed-id='220509'><\/div><script src='https:\/\/widgets.sociablekit.com\/instagram-feed\/widget.js' async defer><\/script>\n\n\n\n<p><\/p>","protected":false},"excerpt":{"rendered":"<p>Invitation to the association&#8217;s fall meeting The board of the association invites all members to join the fall meeting on&hellip;<\/p>\n","protected":false},"author":2,"featured_media":0,"parent":0,"menu_order":0,"comment_status":"closed","ping_status":"closed","template":"","meta":{"jetpack_post_was_ever_published":false,"footnotes":""},"class_list":["post-9","page","type-page","status-publish","hentry"],"yoast_head":"<!-- This site is optimized with the Yoast SEO plugin v27.4 - https:\/\/yoast.com\/product\/yoast-seo-wordpress\/ -->\n<title>OUBS - Otaniemen oma televisio<\/title>\n<meta name=\"description\" content=\"Otaniemen opiskelijavetoinen videoyhdistys, joka kuvaa ja striimaa opiskelitapahtumissa. Yll\u00e4pit\u00e4\u00e4 studiotilaa ylioppilaskunnan j\u00e4senten k\u00e4ytt\u00f6\u00f6n.\" \/>\n<meta name=\"robots\" content=\"index, follow, max-snippet:-1, max-image-preview:large, max-video-preview:-1\" \/>\n<link rel=\"canonical\" href=\"https:\/\/www.oubs.fi\/en\/\" \/>\n<meta property=\"og:locale\" content=\"en_US\" \/>\n<meta property=\"og:type\" content=\"article\" \/>\n<meta property=\"og:title\" content=\"OUBS - Otaniemen oma televisio\" \/>\n<meta property=\"og:description\" content=\"Otaniemen opiskelijavetoinen videoyhdistys, joka kuvaa ja striimaa opiskelitapahtumissa. Yll\u00e4pit\u00e4\u00e4 studiotilaa ylioppilaskunnan j\u00e4senten k\u00e4ytt\u00f6\u00f6n.\" \/>\n<meta property=\"og:url\" content=\"https:\/\/www.oubs.fi\/en\/\" \/>\n<meta property=\"og:site_name\" content=\"OUBS\" \/>\n<meta property=\"article:modified_time\" content=\"2023-11-04T16:53:13+00:00\" \/>\n<meta name=\"twitter:card\" content=\"summary_large_image\" \/>\n<meta name=\"twitter:label1\" content=\"Est. reading time\" \/>\n\t<meta name=\"twitter:data1\" content=\"2 minutes\" \/>\n<script type=\"application\/ld+json\" class=\"yoast-schema-graph\">{\"@context\":\"https:\\\/\\\/schema.org\",\"@graph\":[{\"@type\":\"WebPage\",\"@id\":\"https:\\\/\\\/www.oubs.fi\\\/en\\\/\",\"url\":\"https:\\\/\\\/www.oubs.fi\\\/en\\\/\",\"name\":\"OUBS - Otaniemen oma televisio\",\"isPartOf\":{\"@id\":\"https:\\\/\\\/www.oubs.fi\\\/en\\\/#website\"},\"datePublished\":\"2015-10-09T13:46:07+00:00\",\"dateModified\":\"2023-11-04T16:53:13+00:00\",\"description\":\"Otaniemen opiskelijavetoinen videoyhdistys, joka kuvaa ja striimaa opiskelitapahtumissa. Yll\u00e4pit\u00e4\u00e4 studiotilaa ylioppilaskunnan j\u00e4senten k\u00e4ytt\u00f6\u00f6n.\",\"breadcrumb\":{\"@id\":\"https:\\\/\\\/www.oubs.fi\\\/en\\\/#breadcrumb\"},\"inLanguage\":\"en-US\",\"potentialAction\":[{\"@type\":\"ReadAction\",\"target\":[\"https:\\\/\\\/www.oubs.fi\\\/en\\\/\"]}]},{\"@type\":\"BreadcrumbList\",\"@id\":\"https:\\\/\\\/www.oubs.fi\\\/en\\\/#breadcrumb\",\"itemListElement\":[{\"@type\":\"ListItem\",\"position\":1,\"name\":\"Home\",\"item\":\"https:\\\/\\\/www.oubs.fi\\\/en\\\/\"},{\"@type\":\"ListItem\",\"position\":2,\"name\":\"Otaniemi&#8217;s own tv\"}]},{\"@type\":\"WebSite\",\"@id\":\"https:\\\/\\\/www.oubs.fi\\\/en\\\/#website\",\"url\":\"https:\\\/\\\/www.oubs.fi\\\/en\\\/\",\"name\":\"OUBS\",\"description\":\"Otaniemen oma televisio\",\"publisher\":{\"@id\":\"https:\\\/\\\/www.oubs.fi\\\/en\\\/#organization\"},\"potentialAction\":[{\"@type\":\"SearchAction\",\"target\":{\"@type\":\"EntryPoint\",\"urlTemplate\":\"https:\\\/\\\/www.oubs.fi\\\/en\\\/?s={search_term_string}\"},\"query-input\":{\"@type\":\"PropertyValueSpecification\",\"valueRequired\":true,\"valueName\":\"search_term_string\"}}],\"inLanguage\":\"en-US\"},{\"@type\":\"Organization\",\"@id\":\"https:\\\/\\\/www.oubs.fi\\\/en\\\/#organization\",\"name\":\"OUBS\",\"url\":\"https:\\\/\\\/www.oubs.fi\\\/en\\\/\",\"logo\":{\"@type\":\"ImageObject\",\"inLanguage\":\"en-US\",\"@id\":\"https:\\\/\\\/www.oubs.fi\\\/en\\\/#\\\/schema\\\/logo\\\/image\\\/\",\"url\":\"https:\\\/\\\/i0.wp.com\\\/www.oubs.fi\\\/wp-content\\\/uploads\\\/2020\\\/03\\\/OUBS-logo-2018-valkoinen-pieni.png?fit=350%2C350&ssl=1\",\"contentUrl\":\"https:\\\/\\\/i0.wp.com\\\/www.oubs.fi\\\/wp-content\\\/uploads\\\/2020\\\/03\\\/OUBS-logo-2018-valkoinen-pieni.png?fit=350%2C350&ssl=1\",\"width\":350,\"height\":350,\"caption\":\"OUBS\"},\"image\":{\"@id\":\"https:\\\/\\\/www.oubs.fi\\\/en\\\/#\\\/schema\\\/logo\\\/image\\\/\"}}]}<\/script>\n<!-- \/ Yoast SEO plugin. -->","yoast_head_json":{"title":"OUBS - Otaniemen oma televisio","description":"Otaniemen opiskelijavetoinen videoyhdistys, joka kuvaa ja striimaa opiskelitapahtumissa. Yll\u00e4pit\u00e4\u00e4 studiotilaa ylioppilaskunnan j\u00e4senten k\u00e4ytt\u00f6\u00f6n.","robots":{"index":"index","follow":"follow","max-snippet":"max-snippet:-1","max-image-preview":"max-image-preview:large","max-video-preview":"max-video-preview:-1"},"canonical":"https:\/\/www.oubs.fi\/en\/","og_locale":"en_US","og_type":"article","og_title":"OUBS - Otaniemen oma televisio","og_description":"Otaniemen opiskelijavetoinen videoyhdistys, joka kuvaa ja striimaa opiskelitapahtumissa. Yll\u00e4pit\u00e4\u00e4 studiotilaa ylioppilaskunnan j\u00e4senten k\u00e4ytt\u00f6\u00f6n.","og_url":"https:\/\/www.oubs.fi\/en\/","og_site_name":"OUBS","article_modified_time":"2023-11-04T16:53:13+00:00","twitter_card":"summary_large_image","twitter_misc":{"Est. reading time":"2 minutes"},"schema":{"@context":"https:\/\/schema.org","@graph":[{"@type":"WebPage","@id":"https:\/\/www.oubs.fi\/en\/","url":"https:\/\/www.oubs.fi\/en\/","name":"OUBS - Otaniemen oma televisio","isPartOf":{"@id":"https:\/\/www.oubs.fi\/en\/#website"},"datePublished":"2015-10-09T13:46:07+00:00","dateModified":"2023-11-04T16:53:13+00:00","description":"Otaniemen opiskelijavetoinen videoyhdistys, joka kuvaa ja striimaa opiskelitapahtumissa. Yll\u00e4pit\u00e4\u00e4 studiotilaa ylioppilaskunnan j\u00e4senten k\u00e4ytt\u00f6\u00f6n.","breadcrumb":{"@id":"https:\/\/www.oubs.fi\/en\/#breadcrumb"},"inLanguage":"en-US","potentialAction":[{"@type":"ReadAction","target":["https:\/\/www.oubs.fi\/en\/"]}]},{"@type":"BreadcrumbList","@id":"https:\/\/www.oubs.fi\/en\/#breadcrumb","itemListElement":[{"@type":"ListItem","position":1,"name":"Home","item":"https:\/\/www.oubs.fi\/en\/"},{"@type":"ListItem","position":2,"name":"Otaniemi&#8217;s own tv"}]},{"@type":"WebSite","@id":"https:\/\/www.oubs.fi\/en\/#website","url":"https:\/\/www.oubs.fi\/en\/","name":"OUBS","description":"Otaniemen oma televisio","publisher":{"@id":"https:\/\/www.oubs.fi\/en\/#organization"},"potentialAction":[{"@type":"SearchAction","target":{"@type":"EntryPoint","urlTemplate":"https:\/\/www.oubs.fi\/en\/?s={search_term_string}"},"query-input":{"@type":"PropertyValueSpecification","valueRequired":true,"valueName":"search_term_string"}}],"inLanguage":"en-US"},{"@type":"Organization","@id":"https:\/\/www.oubs.fi\/en\/#organization","name":"OUBS","url":"https:\/\/www.oubs.fi\/en\/","logo":{"@type":"ImageObject","inLanguage":"en-US","@id":"https:\/\/www.oubs.fi\/en\/#\/schema\/logo\/image\/","url":"https:\/\/i0.wp.com\/www.oubs.fi\/wp-content\/uploads\/2020\/03\/OUBS-logo-2018-valkoinen-pieni.png?fit=350%2C350&ssl=1","contentUrl":"https:\/\/i0.wp.com\/www.oubs.fi\/wp-content\/uploads\/2020\/03\/OUBS-logo-2018-valkoinen-pieni.png?fit=350%2C350&ssl=1","width":350,"height":350,"caption":"OUBS"},"image":{"@id":"https:\/\/www.oubs.fi\/en\/#\/schema\/logo\/image\/"}}]}},"featured_image_src":null,"jetpack_sharing_enabled":true,"jetpack_shortlink":"https:\/\/wp.me\/P9tQTR-9","jetpack_likes_enabled":true,"_links":{"self":[{"href":"https:\/\/www.oubs.fi\/en\/wp-json\/wp\/v2\/pages\/9","targetHints":{"allow":["GET"]}}],"collection":[{"href":"https:\/\/www.oubs.fi\/en\/wp-json\/wp\/v2\/pages"}],"about":[{"href":"https:\/\/www.oubs.fi\/en\/wp-json\/wp\/v2\/types\/page"}],"author":[{"embeddable":true,"href":"https:\/\/www.oubs.fi\/en\/wp-json\/wp\/v2\/users\/2"}],"replies":[{"embeddable":true,"href":"https:\/\/www.oubs.fi\/en\/wp-json\/wp\/v2\/comments?post=9"}],"version-history":[{"count":178,"href":"https:\/\/www.oubs.fi\/en\/wp-json\/wp\/v2\/pages\/9\/revisions"}],"predecessor-version":[{"id":17149,"href":"https:\/\/www.oubs.fi\/en\/wp-json\/wp\/v2\/pages\/9\/revisions\/17149"}],"wp:attachment":[{"href":"https:\/\/www.oubs.fi\/en\/wp-json\/wp\/v2\/media?parent=9"}],"curies":[{"name":"wp","href":"https:\/\/api.w.org\/{rel}","templated":true}]}}